{"id":18767,"date":"2024-09-10T09:48:32","date_gmt":"2024-09-10T09:48:32","guid":{"rendered":"https:\/\/www.m-s.fr\/?page_id=18767"},"modified":"2025-10-27T15:47:35","modified_gmt":"2025-10-27T15:47:35","slug":"hublet-recyclage-deblais-save-sand","status":"publish","type":"page","link":"https:\/\/www.m-s.fr\/en\/recycling\/hublet-recyclage-deblais-save-sand\/","title":{"rendered":"Hublet recycle les d\u00e9blais avec Save Sand"},"content":{"rendered":"","protected":false},"excerpt":{"rendered":"","protected":false},"author":2,"featured_media":18810,"parent":1716,"menu_order":0,"comment_status":"closed","ping_status":"closed","template":"pages\/ms-contenu.php","meta":{"_acf_changed":false,"footnotes":""},"class_list":["post-18767","page","type-page","status-publish","has-post-thumbnail","hentry"],"acf":[],"yoast_head":"<!-- This site is optimized with the Yoast SEO plugin v26.0 - https:\/\/yoast.com\/wordpress\/plugins\/seo\/ -->\n<title>Hublet recycle les d\u00e9blais avec Save Sand - MS<\/title>\n<meta name=\"description\" content=\"Une installation de recyclage des d\u00e9chets de construction et de d\u00e9molition qui va valoriser plus de 200 000 tonnes de d\u00e9chets par an\" \/>\n<meta name=\"robots\" content=\"index, follow, max-snippet:-1, max-image-preview:large, max-video-preview:-1\" \/>\n<link rel=\"canonical\" href=\"https:\/\/www.m-s.fr\/en\/recycling\/hublet-recyclage-deblais-save-sand\/\" \/>\n<meta property=\"og:locale\" content=\"en_US\" \/>\n<meta property=\"og:type\" content=\"article\" \/>\n<meta property=\"og:title\" content=\"Hublet recycle les d\u00e9blais avec Save Sand - MS\" \/>\n<meta property=\"og:description\" content=\"Une installation de recyclage des d\u00e9chets de construction et de d\u00e9molition qui va valoriser plus de 200 000 tonnes de d\u00e9chets par an\" \/>\n<meta property=\"og:url\" content=\"https:\/\/www.m-s.fr\/en\/recycling\/hublet-recyclage-deblais-save-sand\/\" \/>\n<meta property=\"og:site_name\" content=\"MS\" \/>\n<meta property=\"article:modified_time\" content=\"2025-10-27T15:47:35+00:00\" \/>\n<meta property=\"og:image\" content=\"https:\/\/www.m-s.fr\/wp-content\/uploads\/2024\/09\/MINIATURE-ETUDE-DE-CAS-1.png\" \/>\n\t<meta property=\"og:image:width\" content=\"1852\" \/>\n\t<meta property=\"og:image:height\" content=\"1080\" \/>\n\t<meta property=\"og:image:type\" content=\"image\/png\" \/>\n<meta name=\"twitter:card\" content=\"summary_large_image\" \/>\n<meta name=\"twitter:label1\" content=\"Est. reading time\" \/>\n\t<meta name=\"twitter:data1\" content=\"1 minute\" \/>\n<script type=\"application\/ld+json\" class=\"yoast-schema-graph\">{\"@context\":\"https:\/\/schema.org\",\"@graph\":[{\"@type\":\"WebPage\",\"@id\":\"https:\/\/www.m-s.fr\/en\/recycling\/hublet-recyclage-deblais-save-sand\/\",\"url\":\"https:\/\/www.m-s.fr\/en\/recycling\/hublet-recyclage-deblais-save-sand\/\",\"name\":\"Hublet recycle les d\u00e9blais avec Save Sand - MS\",\"isPartOf\":{\"@id\":\"https:\/\/www.m-s.fr\/#website\"},\"primaryImageOfPage\":{\"@id\":\"https:\/\/www.m-s.fr\/en\/recycling\/hublet-recyclage-deblais-save-sand\/#primaryimage\"},\"image\":{\"@id\":\"https:\/\/www.m-s.fr\/en\/recycling\/hublet-recyclage-deblais-save-sand\/#primaryimage\"},\"thumbnailUrl\":\"https:\/\/www.m-s.fr\/wp-content\/uploads\/2024\/09\/MINIATURE-ETUDE-DE-CAS-1.png\",\"datePublished\":\"2024-09-10T09:48:32+00:00\",\"dateModified\":\"2025-10-27T15:47:35+00:00\",\"description\":\"Une installation de recyclage des d\u00e9chets de construction et de d\u00e9molition qui va valoriser plus de 200 000 tonnes de d\u00e9chets par an\",\"breadcrumb\":{\"@id\":\"https:\/\/www.m-s.fr\/en\/recycling\/hublet-recyclage-deblais-save-sand\/#breadcrumb\"},\"inLanguage\":\"en-US\",\"potentialAction\":[{\"@type\":\"ReadAction\",\"target\":[\"https:\/\/www.m-s.fr\/en\/recycling\/hublet-recyclage-deblais-save-sand\/\"]}]},{\"@type\":\"ImageObject\",\"inLanguage\":\"en-US\",\"@id\":\"https:\/\/www.m-s.fr\/en\/recycling\/hublet-recyclage-deblais-save-sand\/#primaryimage\",\"url\":\"https:\/\/www.m-s.fr\/wp-content\/uploads\/2024\/09\/MINIATURE-ETUDE-DE-CAS-1.png\",\"contentUrl\":\"https:\/\/www.m-s.fr\/wp-content\/uploads\/2024\/09\/MINIATURE-ETUDE-DE-CAS-1.png\",\"width\":1852,\"height\":1080},{\"@type\":\"BreadcrumbList\",\"@id\":\"https:\/\/www.m-s.fr\/en\/recycling\/hublet-recyclage-deblais-save-sand\/#breadcrumb\",\"itemListElement\":[{\"@type\":\"ListItem\",\"position\":1,\"name\":\"MS\",\"item\":\"https:\/\/www.m-s.fr\/en\/\"},{\"@type\":\"ListItem\",\"position\":2,\"name\":\"Recycling\",\"item\":\"https:\/\/m-s.fr\/en\/recycling\/\"},{\"@type\":\"ListItem\",\"position\":3,\"name\":\"Hublet recycle les d\u00e9blais avec Save Sand\"}]},{\"@type\":\"WebSite\",\"@id\":\"https:\/\/www.m-s.fr\/#website\",\"url\":\"https:\/\/www.m-s.fr\/\",\"name\":\"MS\",\"description\":\"Le sable, l&#039;eau pour mieux construire demain\",\"potentialAction\":[{\"@type\":\"SearchAction\",\"target\":{\"@type\":\"EntryPoint\",\"urlTemplate\":\"https:\/\/www.m-s.fr\/?s={search_term_string}\"},\"query-input\":{\"@type\":\"PropertyValueSpecification\",\"valueRequired\":true,\"valueName\":\"search_term_string\"}}],\"inLanguage\":\"en-US\"}]}<\/script>\n<!-- \/ Yoast SEO plugin. -->","yoast_head_json":{"title":"Hublet recycle les d\u00e9blais avec Save Sand - MS","description":"Une installation de recyclage des d\u00e9chets de construction et de d\u00e9molition qui va valoriser plus de 200 000 tonnes de d\u00e9chets par an","robots":{"index":"index","follow":"follow","max-snippet":"max-snippet:-1","max-image-preview":"max-image-preview:large","max-video-preview":"max-video-preview:-1"},"canonical":"https:\/\/www.m-s.fr\/en\/recycling\/hublet-recyclage-deblais-save-sand\/","og_locale":"en_US","og_type":"article","og_title":"Hublet recycle les d\u00e9blais avec Save Sand - MS","og_description":"Une installation de recyclage des d\u00e9chets de construction et de d\u00e9molition qui va valoriser plus de 200 000 tonnes de d\u00e9chets par an","og_url":"https:\/\/www.m-s.fr\/en\/recycling\/hublet-recyclage-deblais-save-sand\/","og_site_name":"MS","article_modified_time":"2025-10-27T15:47:35+00:00","og_image":[{"width":1852,"height":1080,"url":"https:\/\/www.m-s.fr\/wp-content\/uploads\/2024\/09\/MINIATURE-ETUDE-DE-CAS-1.png","type":"image\/png"}],"twitter_card":"summary_large_image","twitter_misc":{"Est. reading time":"1 minute"},"schema":{"@context":"https:\/\/schema.org","@graph":[{"@type":"WebPage","@id":"https:\/\/www.m-s.fr\/en\/recycling\/hublet-recyclage-deblais-save-sand\/","url":"https:\/\/www.m-s.fr\/en\/recycling\/hublet-recyclage-deblais-save-sand\/","name":"Hublet recycle les d\u00e9blais avec Save Sand - MS","isPartOf":{"@id":"https:\/\/www.m-s.fr\/#website"},"primaryImageOfPage":{"@id":"https:\/\/www.m-s.fr\/en\/recycling\/hublet-recyclage-deblais-save-sand\/#primaryimage"},"image":{"@id":"https:\/\/www.m-s.fr\/en\/recycling\/hublet-recyclage-deblais-save-sand\/#primaryimage"},"thumbnailUrl":"https:\/\/www.m-s.fr\/wp-content\/uploads\/2024\/09\/MINIATURE-ETUDE-DE-CAS-1.png","datePublished":"2024-09-10T09:48:32+00:00","dateModified":"2025-10-27T15:47:35+00:00","description":"Une installation de recyclage des d\u00e9chets de construction et de d\u00e9molition qui va valoriser plus de 200 000 tonnes de d\u00e9chets par an","breadcrumb":{"@id":"https:\/\/www.m-s.fr\/en\/recycling\/hublet-recyclage-deblais-save-sand\/#breadcrumb"},"inLanguage":"en-US","potentialAction":[{"@type":"ReadAction","target":["https:\/\/www.m-s.fr\/en\/recycling\/hublet-recyclage-deblais-save-sand\/"]}]},{"@type":"ImageObject","inLanguage":"en-US","@id":"https:\/\/www.m-s.fr\/en\/recycling\/hublet-recyclage-deblais-save-sand\/#primaryimage","url":"https:\/\/www.m-s.fr\/wp-content\/uploads\/2024\/09\/MINIATURE-ETUDE-DE-CAS-1.png","contentUrl":"https:\/\/www.m-s.fr\/wp-content\/uploads\/2024\/09\/MINIATURE-ETUDE-DE-CAS-1.png","width":1852,"height":1080},{"@type":"BreadcrumbList","@id":"https:\/\/www.m-s.fr\/en\/recycling\/hublet-recyclage-deblais-save-sand\/#breadcrumb","itemListElement":[{"@type":"ListItem","position":1,"name":"MS","item":"https:\/\/www.m-s.fr\/en\/"},{"@type":"ListItem","position":2,"name":"Recycling","item":"https:\/\/m-s.fr\/en\/recycling\/"},{"@type":"ListItem","position":3,"name":"Hublet recycle les d\u00e9blais avec Save Sand"}]},{"@type":"WebSite","@id":"https:\/\/www.m-s.fr\/#website","url":"https:\/\/www.m-s.fr\/","name":"MS","description":"Le sable, l&#039;eau pour mieux construire demain","potentialAction":[{"@type":"SearchAction","target":{"@type":"EntryPoint","urlTemplate":"https:\/\/www.m-s.fr\/?s={search_term_string}"},"query-input":{"@type":"PropertyValueSpecification","valueRequired":true,"valueName":"search_term_string"}}],"inLanguage":"en-US"}]}},"_links":{"self":[{"href":"https:\/\/www.m-s.fr\/en\/wp-json\/wp\/v2\/pages\/18767","targetHints":{"allow":["GET"]}}],"collection":[{"href":"https:\/\/www.m-s.fr\/en\/wp-json\/wp\/v2\/pages"}],"about":[{"href":"https:\/\/www.m-s.fr\/en\/wp-json\/wp\/v2\/types\/page"}],"author":[{"embeddable":true,"href":"https:\/\/www.m-s.fr\/en\/wp-json\/wp\/v2\/users\/2"}],"replies":[{"embeddable":true,"href":"https:\/\/www.m-s.fr\/en\/wp-json\/wp\/v2\/comments?post=18767"}],"version-history":[{"count":16,"href":"https:\/\/www.m-s.fr\/en\/wp-json\/wp\/v2\/pages\/18767\/revisions"}],"predecessor-version":[{"id":42035,"href":"https:\/\/www.m-s.fr\/en\/wp-json\/wp\/v2\/pages\/18767\/revisions\/42035"}],"up":[{"embeddable":true,"href":"https:\/\/www.m-s.fr\/en\/wp-json\/wp\/v2\/pages\/1716"}],"wp:featuredmedia":[{"embeddable":true,"href":"https:\/\/www.m-s.fr\/en\/wp-json\/wp\/v2\/media\/18810"}],"wp:attachment":[{"href":"https:\/\/www.m-s.fr\/en\/wp-json\/wp\/v2\/media?parent=18767"}],"curies":[{"name":"wp","href":"https:\/\/api.w.org\/{rel}","templated":true}]}}